{"id":1239,"date":"2024-05-18T10:59:13","date_gmt":"2024-05-18T08:59:13","guid":{"rendered":"https:\/\/www.lpvinci-perigueux.fr\/?page_id=1239"},"modified":"2024-07-03T07:46:24","modified_gmt":"2024-07-03T05:46:24","slug":"maison-des-lyceens","status":"publish","type":"page","link":"https:\/\/www.lpvinci-perigueux.fr\/index.php\/maison-des-lyceens\/","title":{"rendered":"Maison des lyc\u00e9ens"},"content":{"rendered":"\n<br>\n<br>\n\n\n\n<h2 class=\"wp-block-heading\">LA MAISON DES LYC\u00c9ENS<\/h2>\n\n\n\n<p><strong>La Maison Des Lyc\u00e9ens (MDL) est une association<\/strong> qui rassemble les \u00e9l\u00e8ves qui souhaitent participer \u00e0 la vie du lyc\u00e9e et \u00a0s\u2019engager dans des actions diverses tout au long de l\u2019ann\u00e9e scolaire.<\/p>\n\n\n\n<p><strong>La MDL a pour finalit\u00e9s de :<\/strong><\/p>\n\n\n\n<p>Faciliter l\u2019organisation d\u2019activit\u00e9s\u00a0: Cr\u00e9ation \u00a0de Clubs (cin\u00e9 club, \u2026), l\u2019organisation d\u2019\u00e9v\u00e8nements (soir\u00e9es des internes, Carnaval des Lyc\u00e9ens, \u2026), l\u2019organisation de sorties ludiques et culturelles (bowling, accrobranches, patinoire, \u2026)<\/p>\n\n\n\n<p><strong>De ce fait la MDL permet de&nbsp;:<\/strong><\/p>\n\n\n\n<p>&#8211; D\u00e9velopper la prise de responsabilit\u00e9 des \u00e9l\u00e8ves au sein de l\u2019\u00e9tablissement ;<\/p>\n\n\n\n<p>&#8211; Favoriser l\u2019acc\u00e8s \u00e0 l\u2019autonomie en stimulant la cr\u00e9ativit\u00e9, l\u2019esprit d\u2019initiative, le travail en \u00e9quipe et le go\u00fbt d\u2019entreprendre ;<\/p>\n\n\n\n<p>&#8211; Renforcer les liens entre les \u00e9l\u00e8ves<\/p>\n\n\n\n<p><strong><u>Composition&nbsp; et fonctionnement de la MDL<\/u><\/strong>&nbsp;:<\/p>\n\n\n\n<p>L&rsquo;assembl\u00e9e g\u00e9n\u00e9rale\u00a0 de la MDL\u00a0(AG) comprend tous les lyc\u00e9ens \u00e0 jour de leur cotisation. L&rsquo;AG se r\u00e9unit au moins une fois par an et d\u00e9finit notamment les orientations et le programme d&rsquo;activit\u00e9s de l&rsquo;association.<\/p>\n\n\n\n<p>Elle\u00a0 \u00e9lit un conseil d&rsquo;administration (CA), charg\u00e9 d&rsquo;assurer la gestion de l&rsquo;association.<\/p>\n\n\n\n<p>Le CA \u00e9lit en son sein un bureau, compos\u00e9 d&rsquo;au moins un pr\u00e9sident, un secr\u00e9taire g\u00e9n\u00e9ral et un tr\u00e9sorier. Les \u00e9l\u00e8ves majeurs comme les mineurs de plus de 16 ans (avec l\u2019accord de leurs parents) peuvent occuper ces fonctions. Le bureau pr\u00e9pare et ex\u00e9cute les d\u00e9cisions du CA.<\/p>\n\n\n\n<p>Tout adulte de l&rsquo;\u00e9tablissement peut apporter son soutien au fonctionnement et \u00e0 la gestion de l&rsquo;association.<\/p>\n","protected":false},"excerpt":{"rendered":"<p>LA MAISON DES LYC\u00c9ENS La Maison Des Lyc\u00e9ens (MDL) est une association qui rassemble les \u00e9l\u00e8ves qui souhaitent participer \u00e0 la vie du lyc\u00e9e et \u00a0s\u2019engager dans des actions diverses tout au long de l\u2019ann\u00e9e scolaire. La MDL a pour finalit\u00e9s de : Faciliter l\u2019organisation d\u2019activit\u00e9s\u00a0: Cr\u00e9ation \u00a0de Clubs (cin\u00e9 club, \u2026), l\u2019organisation d\u2019\u00e9v\u00e8nements (soir\u00e9es &hellip; <\/p>\n<p class=\"link-more\"><a href=\"https:\/\/www.lpvinci-perigueux.fr\/index.php\/maison-des-lyceens\/\" class=\"more-link\">Continue reading<span class=\"screen-reader-text\"> \u00ab\u00a0Maison des lyc\u00e9ens\u00a0\u00bb<\/span><\/a><\/p>\n","protected":false},"author":1,"featured_media":0,"parent":0,"menu_order":0,"comment_status":"closed","ping_status":"closed","template":"","meta":{"footnotes":""},"class_list":["post-1239","page","type-page","status-publish","hentry"],"_links":{"self":[{"href":"https:\/\/www.lpvinci-perigueux.fr\/index.php\/wp-json\/wp\/v2\/pages\/1239","targetHints":{"allow":["GET"]}}],"collection":[{"href":"https:\/\/www.lpvinci-perigueux.fr\/index.php\/wp-json\/wp\/v2\/pages"}],"about":[{"href":"https:\/\/www.lpvinci-perigueux.fr\/index.php\/wp-json\/wp\/v2\/types\/page"}],"author":[{"embeddable":true,"href":"https:\/\/www.lpvinci-perigueux.fr\/index.php\/wp-json\/wp\/v2\/users\/1"}],"replies":[{"embeddable":true,"href":"https:\/\/www.lpvinci-perigueux.fr\/index.php\/wp-json\/wp\/v2\/comments?post=1239"}],"version-history":[{"count":5,"href":"https:\/\/www.lpvinci-perigueux.fr\/index.php\/wp-json\/wp\/v2\/pages\/1239\/revisions"}],"predecessor-version":[{"id":1305,"href":"https:\/\/www.lpvinci-perigueux.fr\/index.php\/wp-json\/wp\/v2\/pages\/1239\/revisions\/1305"}],"wp:attachment":[{"href":"https:\/\/www.lpvinci-perigueux.fr\/index.php\/wp-json\/wp\/v2\/media?parent=1239"}],"curies":[{"name":"wp","href":"https:\/\/api.w.org\/{rel}","templated":true}]}}